{"id":207,"date":"2022-10-02T01:47:07","date_gmt":"2022-10-01T23:47:07","guid":{"rendered":"http:\/\/localhost\/studphil\/?page_id=207"},"modified":"2023-04-23T14:56:28","modified_gmt":"2023-04-23T12:56:28","slug":"studentenphilharmonie-tuebingen","status":"publish","type":"page","link":"https:\/\/tickets.studentenphilharmonie.de\/index.php\/studentenphilharmonie-tuebingen\/","title":{"rendered":"Studentenphil&shy;harmonie T\u00fcbingen"},"content":{"rendered":"\n<h2 class=\"wp-block-heading\">Basics zum Sinfonieorchester<\/h2>\n\n\n\n<p>Die <strong>Studentenphilharmonie T\u00fcbingen<\/strong> ist ein selbstverwaltetes Orchester und eines von zwei gro\u00dfen sinfonischen Klangk\u00f6rpern an der Eberhard Karls Universit\u00e4t T\u00fcbingen. Seit 1967 erarbeiten musikbegeisterte Studierende, Universit\u00e4tsangeh\u00f6rige und Musiker*innen aus T\u00fcbingen und Umgebung jedes Semester mit der &#8222;StudPhil&#8220; ein gro\u00dfes sinfonisches Programm, das bei einem Konzert in der Neuen Aula der Universit\u00e4t und einem Gastspiel in der Region zur Auff\u00fchrung kommt.<\/p>\n\n\n\n<p>Die Programme erarbeitet sich die Studentenphilharmonie ausschlie\u00dflich an vier <strong>Probenwochenenden<\/strong> w\u00e4hrend des Semesters. Der Verzicht auf regelm\u00e4\u00dfige Proben unter der Woche \u2013 abgesehen von einer \u201aKennenlernprobe\u2018 zu Semesterbeginn \u2013 soll explizit diejenigen ansprechen, deren Terminkalender sich besser mit intensiver, dichter Probenarbeit vereinbaren l\u00e4sst. An den Wochenenden bieten sich auch immer viele Gelegenheiten zu gemeinsamen Aktivit\u00e4ten bei einer Flasche k\u00fchlem Bier auf dem Stocherkahn, bei Quiz und Pizza im Clubhaus, beim Tischkickern auf den externen Probenwochenenden oder bei Gl\u00fchwein und Geb\u00e4ck auf der allj\u00e4hrlichen Weihnachtsfeier.<\/p>\n\n\n\n<div class=\"wp-block-buttons is-layout-flex wp-block-buttons-is-layout-flex\">\n<div class=\"wp-block-button is-style-fill\"><a class=\"wp-block-button__link wp-element-button\" href=\"http:\/\/studentenphilharmonie.de\/index.php\/ueber-uns\/\">Mehr zum Orchester<\/a><\/div>\n<\/div>\n\n\n\n<div class=\"wp-block-group\"><div class=\"wp-block-group__inner-container is-layout-constrained wp-block-group-is-layout-constrained\">\n<h2 class=\"wp-block-heading\">Verst\u00e4rkung gesucht f\u00fcr das Sommersemester 2023<\/h2>\n\n\n\n<p>F\u00fcr das kommende Semester suchen wir bei den <strong>Streichern<\/strong> Verst\u00e4rkung in <strong>allen Stimmgruppen<\/strong>, insbesondere bei den <strong>Bratschen<\/strong> und <strong>Kontrab\u00e4ssen<\/strong> aber auch bei den <strong>Geigen<\/strong>. Au\u00dferdem suchen wir Verst\u00e4rkung bei den <strong>Trompeten<\/strong>, beim <strong>Fagott<\/strong> und <strong>Schlagwerk<\/strong>. <\/p>\n\n\n\n<div class=\"wp-block-buttons d-none is-layout-flex wp-block-buttons-is-layout-flex\">\n<div class=\"wp-block-button\"><a class=\"wp-block-button__link wp-element-button\" href=\"http:\/\/studentenphilharmonie.de\/index.php\/mitspielen\/\">Mitspielen<\/a><\/div>\n<\/div>\n<\/div><\/div>\n\n\n\n<div class=\"wp-block-group\"><div class=\"wp-block-group__inner-container is-layout-constrained wp-block-group-is-layout-constrained\">\n<h2 class=\"wp-block-heading\">Wir gehen auf Konzertreise nach Griechenland <\/h2>\n\n\n\n<p><strong>Wann?<\/strong> 23.08.2023 bis 28.08.2023<\/p>\n\n\n\n<div class=\"wp-block-buttons is-layout-flex wp-block-buttons-is-layout-flex\">\n<div class=\"wp-block-button\"><a class=\"wp-block-button__link wp-element-button\" href=\"https:\/\/tickets.studentenphilharmonie.de\/index.php\/termine\/griechenland-reise-2023\/\">Mehr zur Konzertreise <\/a><\/div>\n<\/div>\n<\/div><\/div>\n\n\n\n<h2 class=\"wp-block-heading\">N\u00e4chste Termine<\/h2>\n\n\n\n\n\n\n\n<div class=\"wp-block-buttons is-layout-flex wp-block-buttons-is-layout-flex\">\n<div class=\"wp-block-button\"><a class=\"wp-block-button__link wp-element-button\" href=\"http:\/\/studentenphilharmonie.de\/index.php\/termine\/\">Mehr Termine<\/a><\/div>\n<\/div>\n\n\n\n<h2 class=\"wp-block-heading\">Aktuelles Programm<\/h2>\n\n\n\n<ul class=\"wp-block-list\">\n<li>Gustav Mahler: 1. Sinfonie<\/li>\n\n\n\n<li>Giannis Konstantinidis: Dodekanische Suite f\u00fcr Solo Violine und Orchester<\/li>\n\n\n\n<li>Auf der Konzertreise: Wolfgang Amadeus Mozart: 41. Sinfonie (Jupiter)<\/li>\n<\/ul>\n\n\n\n<div class=\"wp-block-buttons is-layout-flex wp-block-buttons-is-layout-flex\">\n<div class=\"wp-block-button\"><a class=\"wp-block-button__link wp-element-button\" href=\"http:\/\/studentenphilharmonie.de\/index.php\/programm\/\">Mehr zum Programm<\/a><\/div>\n<\/div>\n\n\n\n<div class=\"wp-block-group d-none\"><div class=\"wp-block-group__inner-container is-layout-constrained wp-block-group-is-layout-constrained\">\n<h2 class=\"wp-block-heading\">Anstehende Konzerte<\/h2>\n\n\n\n<p><strong>Donnerstag, 19.01.2023, 20:00 Uhr<\/strong> in T\u00fcbingen  <\/p>\n\n\n\n<div class=\"wp-block-buttons is-layout-flex wp-block-buttons-is-layout-flex\">\n<div class=\"wp-block-button\"><a class=\"wp-block-button__link wp-element-button\" href=\"https:\/\/tickets.studentenphilharmonie.de\/index.php\/event\/konzert\/\">Mehr Infos<\/a><\/div>\n\n\n\n<div class=\"wp-block-button\"><a class=\"wp-block-button__link wp-element-button\" href=\"https:\/\/www.tuebingen-info.de\/de\/veranstaltungen#\/eventDate\/f86aed7f-a823-4a80-b6ae-1c49ad4b63e4\">Tickets<\/a><\/div>\n<\/div>\n\n\n\n<div>\n<figure class=\"wp-block-image size-large is-resized\"><a href=\"https:\/\/tickets.studentenphilharmonie.de\/wp-content\/uploads\/2022\/12\/konzert-tuebingen-ws22-23-729x1024.jpg\"><img loading=\"lazy\" decoding=\"async\" src=\"https:\/\/tickets.studentenphilharmonie.de\/wp-content\/uploads\/2022\/12\/konzert-tuebingen-ws22-23-729x1024.jpg\" alt=\"Winterkonzert T\u00fcbingen\" class=\"wp-image-734 image-concert\" width=\"365\" height=\"512\" srcset=\"https:\/\/tickets.studentenphilharmonie.de\/wp-content\/uploads\/2022\/12\/konzert-tuebingen-ws22-23-729x1024.jpg 729w, https:\/\/tickets.studentenphilharmonie.de\/wp-content\/uploads\/2022\/12\/konzert-tuebingen-ws22-23-600x842.jpg 600w, https:\/\/tickets.studentenphilharmonie.de\/wp-content\/uploads\/2022\/12\/konzert-tuebingen-ws22-23-214x300.jpg 214w, https:\/\/tickets.studentenphilharmonie.de\/wp-content\/uploads\/2022\/12\/konzert-tuebingen-ws22-23-768x1078.jpg 768w, https:\/\/tickets.studentenphilharmonie.de\/wp-content\/uploads\/2022\/12\/konzert-tuebingen-ws22-23.jpg 1080w\" sizes=\"auto, (max-width: 365px) 100vw, 365px\" \/><\/a> <\/figure>\n<\/div>\n\n\n\n<p><strong>Sonntag, 22.01.2023, 18:30 Uhr<\/strong> in Calw <\/p>\n\n\n\n<div class=\"wp-block-buttons is-layout-flex wp-block-buttons-is-layout-flex\">\n<div class=\"wp-block-button\"><a class=\"wp-block-button__link wp-element-button\" href=\"https:\/\/tickets.studentenphilharmonie.de\/index.php\/event\/konzert-tbd\/\"> Mehr Infos<\/a><\/div>\n<\/div>\n\n\n\n<div class=\"wp-block-group\"><div class=\"wp-block-group__inner-container is-layout-constrained wp-block-group-is-layout-constrained\">\n<div>\n<figure class=\"wp-block-imagesize-large is-resized\"><a href=\"https:\/\/tickets.studentenphilharmonie.de\/wp-content\/uploads\/2022\/12\/konzert-calw-ws-22-23.jpg\"><img loading=\"lazy\" decoding=\"async\" src=\"https:\/\/tickets.studentenphilharmonie.de\/wp-content\/uploads\/2022\/12\/konzert-calw-ws-22-23.jpg\" alt=\"Gastkonzert Calw\" class=\"wp-image-735 image-concert\" width=\"365\" height=\"512\"><\/a><\/figure>\n<\/div>\n<\/div><\/div>\n<\/div><\/div>\n\n\n\n<h2 class=\"wp-block-heading\">Mitgliederbereich<\/h2>\n\n\n\n<div class=\"wp-block-buttons is-layout-flex wp-block-buttons-is-layout-flex\">\n<div class=\"wp-block-button\"><a class=\"wp-block-button__link wp-element-button\" href=\"http:\/\/studentenphilharmonie.de\/index.php\/registrierung\/\">Registrieren<\/a><\/div>\n\n\n\n<div class=\"wp-block-button\"><a class=\"wp-block-button__link wp-element-button\" href=\"http:\/\/studentenphilharmonie.de\/index.php\/login\/\">Login<\/a><\/div>\n<\/div>\n","protected":false},"excerpt":{"rendered":"<p>Basics zum Sinfonieorchester Die Studentenphilharmonie T\u00fcbingen ist ein selbstverwaltetes Orchester und eines von zwei gro\u00dfen sinfonischen Klangk\u00f6rpern an der Eberhard Karls Universit\u00e4t T\u00fcbingen. Seit 1967 erarbeiten musikbegeisterte Studierende, Universit\u00e4tsangeh\u00f6rige und Musiker*innen aus T\u00fcbingen und Umgebung jedes Semester mit der &#8222;StudPhil&#8220; ein gro\u00dfes sinfonisches Programm, das bei einem Konzert in der Neuen Aula der Universit\u00e4t und einem Gastspiel in der Region zur Auff\u00fchrung kommt. Die Programme erarbeitet sich die Studentenphilharmonie ausschlie\u00dflich an vier Probenwochenenden w\u00e4hrend des Semesters. Der Verzicht auf regelm\u00e4\u00dfige Proben unter der Woche \u2013 abgesehen von einer \u201aKennenlernprobe\u2018 zu Semesterbeginn \u2013 soll explizit diejenigen ansprechen, deren Terminkalender sich besser mit intensiver, dichter Probenarbeit vereinbaren l\u00e4sst. An den Wochenenden bieten sich auch immer viele Gelegenheiten zu gemeinsamen Aktivit\u00e4ten bei einer Flasche k\u00fchlem Bier auf dem Stocherkahn, bei Quiz und Pizza im Clubhaus, beim Tischkickern auf den externen Probenwochenenden oder bei Gl\u00fchwein und Geb\u00e4ck auf der allj\u00e4hrlichen Weihnachtsfeier. Verst\u00e4rkung gesucht f\u00fcr&hellip;<\/p>\n<p> <a class=\"more-link\" href=\"https:\/\/tickets.studentenphilharmonie.de\/index.php\/studentenphilharmonie-tuebingen\/\">Weiterlesen<\/a><\/p>\n","protected":false},"author":1,"featured_media":572,"parent":0,"menu_order":0,"comment_status":"closed","ping_status":"closed","template":"","meta":{"_acf_changed":false,"footnotes":""},"class_list":["post-207","page","type-page","status-publish","has-post-thumbnail"],"acf":[],"_links":{"self":[{"href":"https:\/\/tickets.studentenphilharmonie.de\/index.php\/wp-json\/wp\/v2\/pages\/207","targetHints":{"allow":["GET"]}}],"collection":[{"href":"https:\/\/tickets.studentenphilharmonie.de\/index.php\/wp-json\/wp\/v2\/pages"}],"about":[{"href":"https:\/\/tickets.studentenphilharmonie.de\/index.php\/wp-json\/wp\/v2\/types\/page"}],"author":[{"embeddable":true,"href":"https:\/\/tickets.studentenphilharmonie.de\/index.php\/wp-json\/wp\/v2\/users\/1"}],"replies":[{"embeddable":true,"href":"https:\/\/tickets.studentenphilharmonie.de\/index.php\/wp-json\/wp\/v2\/comments?post=207"}],"version-history":[{"count":60,"href":"https:\/\/tickets.studentenphilharmonie.de\/index.php\/wp-json\/wp\/v2\/pages\/207\/revisions"}],"predecessor-version":[{"id":1421,"href":"https:\/\/tickets.studentenphilharmonie.de\/index.php\/wp-json\/wp\/v2\/pages\/207\/revisions\/1421"}],"wp:featuredmedia":[{"embeddable":true,"href":"https:\/\/tickets.studentenphilharmonie.de\/index.php\/wp-json\/wp\/v2\/media\/572"}],"wp:attachment":[{"href":"https:\/\/tickets.studentenphilharmonie.de\/index.php\/wp-json\/wp\/v2\/media?parent=207"}],"curies":[{"name":"wp","href":"https:\/\/api.w.org\/{rel}","templated":true}]}}