{"id":1425,"date":"2023-04-30T16:58:31","date_gmt":"2023-04-30T14:58:31","guid":{"rendered":"https:\/\/tickets.studentenphilharmonie.de\/index.php\/agb\/"},"modified":"2023-05-18T16:40:14","modified_gmt":"2023-05-18T14:40:14","slug":"agb","status":"publish","type":"page","link":"https:\/\/tickets.studentenphilharmonie.de\/index.php\/agb\/","title":{"rendered":"Allgemeine Gesch\u00e4ftsbedingungen (AGBs)"},"content":{"rendered":"\n<div class=\"wp-block-group\"><div class=\"wp-block-group__inner-container is-layout-constrained wp-block-group-is-layout-constrained\">\n<h2 class=\"wp-block-heading\">Pr\u00e4ambel<\/h2>\n\n\n\n<p>Mit dem Erwerb einer Eintrittskarte zu einem Konzert der Studentenphilharmonie T\u00fcbingen (im Folgenden &#8222;Ticket&#8220;) akzeptieren Sie (im Folgenden \u201cEndkunde\u201d genannt) die nachfolgenden \u201cAllgemeinen Gesch\u00e4ftsbedingungen\u201d.<\/p>\n\n\n\n<h2 class=\"wp-block-heading\">\u00a71 Geltungsbereich<\/h2>\n\n\n\n<p>Diese Allgemeinen Gesch\u00e4ftsbedingungen (AGB) regeln das Vertragsverh\u00e4ltnis zwischen dem Verbraucher (nachfolgend &#8222;Endkunde&#8220;) und der Studentenphilharmonie T\u00fcbingen \u2013 im Folgenden \u201eVeranstalter\u201c genannt. Die AGBs gelten f\u00fcr alle Verk\u00e4ufe von Tickets des Online-Shops der Studentenphilharmonie T\u00fcbingen (nachfolgend Online-Shop) an Endkunden. <br>Endkunde ist jede nat\u00fcrliche Person, die ein Rechtsgesch\u00e4ft zu einem Zwecke abschlie\u00dft, der \u00fcberwiegend weder ihrer gewerblichen noch ihrer selbstst\u00e4ndigen beruflichen T\u00e4tigkeit zugerechnet werden kann.<\/p>\n\n\n\n<h2 class=\"wp-block-heading\">\u00a72 Vertragspartner<\/h2>\n\n\n\n<p>Mit dem Kauf eines Produkts aus dem Online-Shop kommt ein Kaufvertrag zwischen dem Endkunden und dem Veranstalter zustande. <\/p>\n\n\n\n<h3 class=\"wp-block-heading\">Veranstalter<\/h3>\n\n\n\n<p><strong>Studentenphilharmonie T\u00fcbingen<\/strong><br>vertreten durch:<br>Felix Henn<br>Alzentalstra\u00dfe 4<br>71083 Herrenberg<br>felix.henn@hotmail.de<\/p>\n\n\n\n<p><strong>Kontakt f\u00fcr R\u00fcckfragen zu Tickets<\/strong><br>tickets@studentenphilharmonie.de<\/p>\n\n\n\n<h2 class=\"wp-block-heading\">\u00a73 Vertragsschluss, R\u00fccktritt vom Vertrag<\/h2>\n\n\n\n<p>3.1. Die Darstellung der Tickets im Online-Shop stellt kein rechtlich bindendes Angebot, sondern nur eine Aufforderung zur Bestellung dar.<\/p>\n\n\n\n<p>3.2. Durch Anklicken des Buttons &#8222;Kostenpflichtig bestellen&#8220; gibt der Endkunde eine verbindliche Bestellung der auf der Bestellseite aufgelisteten Waren ab. Der Kaufvertrag kommt zustande, wenn der Veranstalter durch eine Auftragsbest\u00e4tigung per E-Mail die Bestellung des Endkunden unmittelbar nach deren Erhalt annimmt.<\/p>\n\n\n\n<p>3.3. Der Veranstalter ist berechtigt, die Bestellung des Endkunden zu stornieren (einseitiges R\u00fccktrittsrecht) wenn der Endkunde gegen vom Veranstalter aufgestellte spezifische Bedingungen verst\u00f6\u00dft oder diese zu umgehen versucht, auf welche im Rahmen des Kaufvorgangs hingewiesen wurde. Weiter ist der Veranstalter berechtigt, Bestellungen aufgrund \u00fcberschrittener Verf\u00fcgbarkeiten\/Kontingente zu stornieren. Die Erkl\u00e4rung der Stornierung bzw. des R\u00fccktritts vom Vertrag erfolgt per E-Mail an die vom Endkunden w\u00e4hrend der Bestellung angegebene E-Mail-Adresse. Der Veranstalter erstattet die gezahlten Betr\u00e4ge \u00fcber die vom Endkunden zuvor gew\u00e4hlte Zahlungsmethode. \u00a7350 BGB findet keine Anwendung.<\/p>\n\n\n\n<h2 class=\"wp-block-heading\">\u00a74 Widerrufsrecht f\u00fcr Verbraucher<\/h2>\n\n\n\n<p>4.1. Das im Fernabsatz \u00fcbliche gesetzliche Widerrufs- oder R\u00fcckgaberecht des Endkunden besteht beim Kauf von Tickets nicht. Bei den im Online-Shop angebotenen Tickets bietet der Veranstalter \u2013 sofern nicht anders gekennzeichnet \u2013 Dienstleistungen aus dem Bereich der Freizeitbet\u00e4tigung. Hierbei handelt es sich um Eintritts-\/ Zutrittsberechtigungen f\u00fcr eine Freizeitveranstaltung. Die Erbringung der Leistung sieht einen spezifischen Termin oder Zeitraum vor (\u00a7 312g Abs. 2 Satz 1 Nr. 9 BGB). Daher liegt kein Fernabsatzvertrag gem\u00e4\u00df \u00a7 312c BGB vor. <\/p>\n\n\n\n<p>4.2. Unmittelbar nach der Bestellbest\u00e4tigung durch den Veranstalter ist der Kauf bindend. Der Endkunde verpflichtet sich somit zur Abnahme und zur unmittelbaren Bezahlung der gekauften Tickets.<\/p>\n\n\n\n<h2 class=\"wp-block-heading\">\u00a75 Preise und Versandkosten<\/h2>\n\n\n\n<p>Es gelten die im Online-Shop ausgewiesenen Preise. Eine Umsatzsteuer wird nicht ausgewiesen (\u00a719, UStG).<\/p>\n\n\n\n<h2 class=\"wp-block-heading\">\u00a76 Zahlung und Lieferung<\/h2>\n\n\n\n<p>6.1. Die Zahlung erfolgt am Ende des Bestellvorgangs nach Anklicken des Buttons &#8222;Kostenpflichtig bestellen&#8220; wahlweise \u00fcber eine der folgenden Zahlungsoptionen: <\/p>\n\n\n\n<ul class=\"wp-block-list\">\n<li>Kreditkarte<\/li>\n\n\n\n<li>giropay<\/li>\n\n\n\n<li>PayPal<\/li>\n<\/ul>\n\n\n\n<p>6.2. Der Gesamtbetrag ist im Rahmen des Bestell- und Bezahlvorgangs grunds\u00e4tzlich sofort zur Zahlung f\u00e4llig.<\/p>\n\n\n\n<p>6.3. Der Endkunde hat daf\u00fcr Sorge zu tragen, dass sein Konto, Kreditkarte, PayPal-Konto usw. entsprechend der gew\u00e4hlten Zahlungsart gedeckt ist.<\/p>\n\n\n\n<p>6.4. Der Veranstalter beh\u00e4lt sich das Eigentum an der Ware bis zur vollst\u00e4ndigen Zahlung des Kaufpreises vor.<\/p>\n\n\n\n<p>6.5. Die Lieferung der erworbenen Tickets erfolgt durch den Veranstalter unmittelbar nach erfolgtem Zahlungseingang und ausschlie\u00dflich per E-Mail-Versand. Hierbei wird die vom Endkunden w\u00e4hrend des Bestellprozesses angegebene E-Mail-Adresse genutzt.<\/p>\n\n\n\n<h2 class=\"wp-block-heading\">\u00a77 Verlust und Reklamation<\/h2>\n\n\n\n<p>7.1. Fehlerhaft versendete Tickets werden nach R\u00fcckgabe durch den Endkunden ersetzt. Es obliegt dem Endkunden, die Richtigkeit der an ihn versendeten Produkte selbst\u00e4ndig zu \u00fcberpr\u00fcfen um rechtzeitig eine Ersatzlieferung in die Wege zu leiten.<\/p>\n\n\n\n<p>7.2. Elektronische Tickets k\u00f6nnen durch den Endkunden jederzeit auf dem Portal des Veranstalters nochmals angefordert werden (z.B. per E-Mail an tickets@studentenphilharmonie.de) oder alternativ im Kundenkonto des Endkunden erneut heruntergeladen werden, sofern w\u00e4hrend des Bestellvorgangs ein Kundenkonto angelegt wurde.<\/p>\n\n\n\n<h2 class=\"wp-block-heading\">\u00a78 Voraussetzungen des Einlasses, Pr\u00fcfung der Zutrittsberechtigung<\/h2>\n\n\n\n<p>8.1. Voraussetzung f\u00fcr den Einlass bei der Veranstaltung ist die Vorlage des Tickets zur elektronischen und optischen Erfassung der gedruckten Strichcodes am daf\u00fcr vorgesehenen Einlasskontrollpunkt der Veranstaltung. Hierbei wird das Ticket gescannt. Beim Betreten der Veranstaltung wird der im Strichcode verschl\u00fcsselte Wert elektronisch auf G\u00fcltigkeit gepr\u00fcft. Nur eine Person wird pro vorgelegten g\u00fcltigen Strichcode eingelassen. Nach dem Einlass wird der Code elektronisch entwertet. Die Vorlage einer Bestellbest\u00e4tigung\/Rechnung reicht nicht aus. Am Einlasskontrollpunkt werden ohne besondere Hinweise auf Missbrauch keine namentlichen Pr\u00fcfungen vorgenommen. Es wird der Person Einlass gew\u00e4hrt, die zeitlich zuerst am Einlasskontrollpunkt den g\u00fcltigen Strichcode vorlegt.<\/p>\n\n\n\n<p>8.2. Der Endkunde hat daf\u00fcr Sorge zu tragen, eventuell gesondert bestehende Voraussetzungen des Einlasses des Veranstalters eigenst\u00e4ndig in Erfahrung zu bringen.<\/p>\n\n\n\n<h2 class=\"wp-block-heading\">\u00a79 Absage einer Veranstaltung<\/h2>\n\n\n\n<p>Wird eine Veranstaltung durch den Veranstalter \u2013 gleich aus welchen Gr\u00fcnden \u2013 abgesagt oder verschoben, sind die Anspr\u00fcche des Endkunden aus dem Vertrag direkt gegen\u00fcber dem Veranstalter geltend zu machen. S\u00e4mtliche zus\u00e4tzlich angefallene Geb\u00fchren wie System-, Vorverkaufs- und Versandgeb\u00fchren werden grunds\u00e4tzlich nicht erstattet.<\/p>\n\n\n\n<h2 class=\"wp-block-heading\">\u00a710 Haftung<\/h2>\n\n\n\n<p>Die Haftung nach dem Produkthaftungsgesetz bleibt unber\u00fchrt.<\/p>\n\n\n\n<h2 class=\"wp-block-heading\">\u00a711 Datenschutz<\/h2>\n\n\n\n<p>Es gelten die Datenschutzbestimmungen des Veranstalters, nachzulesen unter <a href=\"https:\/\/studentenphilharmonie.de\/index.php\/datenschutz\/\">https:\/\/studentenphilharmonie.de\/index.php\/datenschutz\/<\/a>. Der Endkunde wurde \u00fcber die Datenschutzbestimmungen w\u00e4hrend des Bestellvorgangs unterrichtet und musste diesen aktiv zustimmen.<\/p>\n\n\n\n<h2 class=\"wp-block-heading\">\u00a712 Streitbeilegung<\/h2>\n\n\n\n<p>Die EU-Kommission hat eine Internetplattform zur Online-Beilegung von Streitigkeiten geschaffen. Die Plattform dient als Anlaufstelle zur au\u00dfergerichtlichen Beilegung von Streitigkeiten betreffend vertragliche Verpflichtungen, die aus Online-Kaufvertr\u00e4gen erwachsen.&nbsp;N\u00e4here Informationen sind unter dem folgenden Link verf\u00fcgbar: <a href=\"http:\/\/ec.europa.eu\/consumers\/odr\">http:\/\/ec.europa.eu\/consumers\/odr<\/a>. &nbsp;Zur Teilnahme an einem Streitbeilegungsverfahren vor einer Verbraucherschlichtungsstelle sind wir weder bereit noch verpflichtet.<\/p>\n\n\n\n<h2 class=\"wp-block-heading\">\u00a713 Schlussbestimmungen<\/h2>\n\n\n\n<p>13.1. F\u00fcr alle \u00fcber die vom VA abgewickelten Bestellungen gelten im Verh\u00e4ltnis von Endkunde und Veranstalter ausschlie\u00dflich diese AGB. Der Einbindung von AGBs des Endkunden wird hiermit ausdr\u00fccklich widersprochen.<\/p>\n\n\n\n<p>13.2. Sollten einzelne Regelungen dieser AGB unwirksam sein oder werden, wird dadurch die Wirksamkeit der \u00fcbrigen Regelungen nicht ber\u00fchrt. <\/p>\n\n\n\n<p>13.3. Gerichtsstand und Erf\u00fcllungsort ist \u2013 soweit zul\u00e4ssig \u2013 T\u00fcbingen.<\/p>\n<\/div><\/div>\n","protected":false},"excerpt":{"rendered":"","protected":false},"author":1,"featured_media":1475,"parent":0,"menu_order":0,"comment_status":"closed","ping_status":"closed","template":"","meta":{"_acf_changed":false,"footnotes":""},"class_list":["post-1425","page","type-page","status-publish","has-post-thumbnail"],"acf":[],"_links":{"self":[{"href":"https:\/\/tickets.studentenphilharmonie.de\/index.php\/wp-json\/wp\/v2\/pages\/1425","targetHints":{"allow":["GET"]}}],"collection":[{"href":"https:\/\/tickets.studentenphilharmonie.de\/index.php\/wp-json\/wp\/v2\/pages"}],"about":[{"href":"https:\/\/tickets.studentenphilharmonie.de\/index.php\/wp-json\/wp\/v2\/types\/page"}],"author":[{"embeddable":true,"href":"https:\/\/tickets.studentenphilharmonie.de\/index.php\/wp-json\/wp\/v2\/users\/1"}],"replies":[{"embeddable":true,"href":"https:\/\/tickets.studentenphilharmonie.de\/index.php\/wp-json\/wp\/v2\/comments?post=1425"}],"version-history":[{"count":9,"href":"https:\/\/tickets.studentenphilharmonie.de\/index.php\/wp-json\/wp\/v2\/pages\/1425\/revisions"}],"predecessor-version":[{"id":1472,"href":"https:\/\/tickets.studentenphilharmonie.de\/index.php\/wp-json\/wp\/v2\/pages\/1425\/revisions\/1472"}],"wp:featuredmedia":[{"embeddable":true,"href":"https:\/\/tickets.studentenphilharmonie.de\/index.php\/wp-json\/wp\/v2\/media\/1475"}],"wp:attachment":[{"href":"https:\/\/tickets.studentenphilharmonie.de\/index.php\/wp-json\/wp\/v2\/media?parent=1425"}],"curies":[{"name":"wp","href":"https:\/\/api.w.org\/{rel}","templated":true}]}}